{"id":916,"date":"2017-01-30T09:45:47","date_gmt":"2017-01-30T09:45:47","guid":{"rendered":"http:\/\/www.obradecor.com\/listado-portfolio\/?lang=ca"},"modified":"2017-05-08T11:32:52","modified_gmt":"2017-05-08T11:32:52","slug":"projectes","status":"publish","type":"page","link":"https:\/\/www.obradecor.com\/ca\/projectes\/","title":{"rendered":"Fotos de projectes"},"content":{"rendered":"<p>[et_pb_section admin_label=&#8221;Secci\u00f3n&#8221; fullwidth=&#8221;on&#8221; specialty=&#8221;off&#8221;][et_pb_fullwidth_header admin_label=&#8221;T\u00edtulo de anchura completa&#8221; title=&#8221;Fotos de projectes&#8221; subhead=&#8221;L&#8217;experi\u00e8ncia de tota una vida&#8221; background_layout=&#8221;dark&#8221; text_orientation=&#8221;center&#8221; header_fullscreen=&#8221;on&#8221; header_scroll_down=&#8221;off&#8221; background_url=&#8221;\/wp-content\/uploads\/2017\/02\/portfolio.jpg&#8221; parallax=&#8221;off&#8221; parallax_method=&#8221;off&#8221; content_orientation=&#8221;center&#8221; image_orientation=&#8221;center&#8221; title_font_size=&#8221;60px&#8221; title_font_size_tablet=&#8221;30px&#8221; title_font_size_last_edited=&#8221;on|desktop&#8221; custom_button_one=&#8221;off&#8221; button_one_letter_spacing=&#8221;0&#8243; button_one_use_icon=&#8221;default&#8221; button_one_icon_placement=&#8221;right&#8221; button_one_on_hover=&#8221;on&#8221; button_one_letter_spacing_hover=&#8221;0&#8243; custom_button_two=&#8221;off&#8221; button_two_letter_spacing=&#8221;0&#8243; button_two_use_icon=&#8221;default&#8221; button_two_icon_placement=&#8221;right&#8221; button_two_on_hover=&#8221;on&#8221; button_two_letter_spacing_hover=&#8221;0&#8243; title_font_color=&#8221;#e0996f&#8221; title_font=&#8221;|on|||&#8221; subhead_font_color=&#8221;#ffffff&#8221; subhead_font=&#8221;|on|||&#8221; subhead_font_size=&#8221;30px&#8221;]<\/p>\n<p>[\/et_pb_fullwidth_header][\/et_pb_section][et_pb_section admin_label=&#8221;Secci\u00f3n&#8221; fullwidth=&#8221;off&#8221; specialty=&#8221;off&#8221; transparent_background=&#8221;off&#8221; allow_player_pause=&#8221;off&#8221; inner_shadow=&#8221;off&#8221; parallax=&#8221;off&#8221; parallax_method=&#8221;off&#8221; make_fullwidth=&#8221;off&#8221; use_custom_width=&#8221;off&#8221; width_unit=&#8221;on&#8221; make_equal=&#8221;off&#8221; use_custom_gutter=&#8221;off&#8221; module_class=&#8221;fullwidth&#8221;][et_pb_row admin_label=&#8221;Fila&#8221;][et_pb_column type=&#8221;4_4&#8243;][et_pb_portfolio admin_label=&#8221;Portafolios&#8221; fullwidth=&#8221;off&#8221; posts_number=&#8221;12&#8243; show_title=&#8221;on&#8221; show_categories=&#8221;off&#8221; show_pagination=&#8221;off&#8221; background_layout=&#8221;light&#8221; hover_overlay_color=&#8221;rgba(255,255,255,0.9)&#8221; use_border_color=&#8221;off&#8221; border_color=&#8221;#ffffff&#8221; border_style=&#8221;solid&#8221; title_font=&#8221;|on|||&#8221; title_font_size=&#8221;30&#8243; title_font_size_last_edited=&#8221;off|desktop&#8221; title_text_color=&#8221;#2b2828&#8243;]<\/p>\n<p>[\/et_pb_portfolio][\/et_pb_column][\/et_pb_row][\/et_pb_section][et_pb_section admin_label=&#8221;Secci\u00f3n&#8221; global_module=&#8221;1016&#8243; fullwidth=&#8221;off&#8221; specialty=&#8221;off&#8221; transparent_background=&#8221;off&#8221; allow_player_pause=&#8221;off&#8221; inner_shadow=&#8221;off&#8221; parallax=&#8221;off&#8221; parallax_method=&#8221;off&#8221; make_fullwidth=&#8221;off&#8221; use_custom_width=&#8221;off&#8221; width_unit=&#8221;on&#8221; make_equal=&#8221;off&#8221; use_custom_gutter=&#8221;off&#8221; module_class=&#8221;fullwidth&#8221;][et_pb_row global_parent=&#8221;1016&#8243; admin_label=&#8221;Fila&#8221;][et_pb_column type=&#8221;1_3&#8243;][et_pb_cta global_parent=&#8221;1016&#8243; admin_label=&#8221;Llamada a la acci\u00f3n&#8221; title=&#8221;Financem fins a 5 anys&#8221; url_new_window=&#8221;off&#8221; use_background_color=&#8221;on&#8221; background_color=&#8221;#5d5d5e&#8221; background_layout=&#8221;dark&#8221; text_orientation=&#8221;center&#8221; use_border_color=&#8221;off&#8221; border_color=&#8221;#ffffff&#8221; border_style=&#8221;solid&#8221; custom_button=&#8221;off&#8221; button_letter_spacing=&#8221;0&#8243; button_use_icon=&#8221;default&#8221; button_icon_placement=&#8221;right&#8221; button_on_hover=&#8221;on&#8221; button_letter_spacing_hover=&#8221;0&#8243;]<\/p>\n<p>El teu projecte \u00e9s possible<\/p>\n<p>[\/et_pb_cta][\/et_pb_column][et_pb_column type=&#8221;1_3&#8243;][et_pb_cta global_parent=&#8221;1016&#8243; admin_label=&#8221;Llamada a la acci\u00f3n&#8221; title=&#8221;Disseny i pressupost&#8221; url_new_window=&#8221;off&#8221; use_background_color=&#8221;on&#8221; background_color=&#8221;#f8f8f8&#8243; background_layout=&#8221;light&#8221; text_orientation=&#8221;center&#8221; use_border_color=&#8221;off&#8221; border_color=&#8221;#ffffff&#8221; border_style=&#8221;solid&#8221; custom_button=&#8221;off&#8221; button_letter_spacing=&#8221;0&#8243; button_use_icon=&#8221;default&#8221; button_icon_placement=&#8221;right&#8221; button_on_hover=&#8221;on&#8221; button_letter_spacing_hover=&#8221;0&#8243;]<\/p>\n<p>Sense comprom\u00eds<\/p>\n<p>[\/et_pb_cta][\/et_pb_column][et_pb_column type=&#8221;1_3&#8243;][et_pb_cta global_parent=&#8221;1016&#8243; admin_label=&#8221;Llamada a la acci\u00f3n&#8221; title=&#8221;Fabricaci\u00f3 pr\u00f2pia&#8221; url_new_window=&#8221;off&#8221; use_background_color=&#8221;on&#8221; background_color=&#8221;#bfbec6&#8243; background_layout=&#8221;light&#8221; text_orientation=&#8221;center&#8221; use_border_color=&#8221;off&#8221; border_color=&#8221;#ffffff&#8221; border_style=&#8221;solid&#8221; custom_button=&#8221;off&#8221; button_letter_spacing=&#8221;0&#8243; button_use_icon=&#8221;default&#8221; button_icon_placement=&#8221;right&#8221; button_on_hover=&#8221;on&#8221; button_letter_spacing_hover=&#8221;0&#8243;]<\/p>\n<p>Garantia ObraDecor<\/p>\n<p>[\/et_pb_cta][\/et_pb_column][\/et_pb_row][\/et_pb_section][et_pb_section admin_label=&#8221;Secci\u00f3n&#8221; fullwidth=&#8221;on&#8221; specialty=&#8221;off&#8221;][et_pb_fullwidth_header admin_label=&#8221;T\u00edtulo de anchura completa&#8221; background_layout=&#8221;dark&#8221; text_orientation=&#8221;center&#8221; header_fullscreen=&#8221;off&#8221; header_scroll_down=&#8221;off&#8221; button_one_text=&#8221;Contacta&#8221; background_url=&#8221;\/wp-content\/uploads\/2017\/02\/servicios-bottom.jpg&#8221; parallax=&#8221;off&#8221; parallax_method=&#8221;off&#8221; content_orientation=&#8221;center&#8221; image_orientation=&#8221;center&#8221; custom_button_one=&#8221;off&#8221; button_one_letter_spacing=&#8221;0&#8243; button_one_use_icon=&#8221;default&#8221; button_one_icon_placement=&#8221;right&#8221; button_one_on_hover=&#8221;on&#8221; button_one_letter_spacing_hover=&#8221;0&#8243; custom_button_two=&#8221;off&#8221; button_two_letter_spacing=&#8221;0&#8243; button_two_use_icon=&#8221;default&#8221; button_two_icon_placement=&#8221;right&#8221; button_two_on_hover=&#8221;on&#8221; button_two_letter_spacing_hover=&#8221;0&#8243; title=&#8221;Com podem ajudar-te?&#8221; button_one_url=&#8221;http:\/\/www.obradecor.com\/contacto\/&#8221;]<\/p>\n<p>[\/et_pb_fullwidth_header][\/et_pb_section]<\/p>\n","protected":false},"excerpt":{"rendered":"<p>El teu projecte \u00e9s possible Sense comprom\u00eds Garantia ObraDecor<\/p>\n","protected":false},"author":1,"featured_media":0,"parent":0,"menu_order":0,"comment_status":"closed","ping_status":"closed","template":"","meta":{"_et_pb_use_builder":"on","_et_pb_old_content":"","_et_gb_content_width":"","footnotes":""},"class_list":["post-916","page","type-page","status-publish","hentry"],"yoast_head":"<!-- This site is optimized with the Yoast SEO plugin v27.5 - https:\/\/yoast.com\/product\/yoast-seo-wordpress\/ -->\n<title>Reforma integral d&#039;habitatges i interiorisme | Obradecor<\/title>\n<meta name=\"description\" content=\"Especialistes en projectes de reformes integrals, decoraci\u00f3 i interiorisme a Barcelona i rodalies. 30 anys al servei del bon gust. Coneix-nos!\" \/>\n<meta name=\"robots\" content=\"index, follow, max-snippet:-1, max-image-preview:large, max-video-preview:-1\" \/>\n<link rel=\"canonical\" href=\"https:\/\/www.obradecor.com\/ca\/projectes\/\" \/>\n<meta property=\"og:locale\" content=\"ca_ES\" \/>\n<meta property=\"og:type\" content=\"article\" \/>\n<meta property=\"og:title\" content=\"Reforma integral d&#039;habitatges i interiorisme | Obradecor\" \/>\n<meta property=\"og:description\" content=\"Especialistes en projectes de reformes integrals, decoraci\u00f3 i interiorisme a Barcelona i rodalies. 30 anys al servei del bon gust. Coneix-nos!\" \/>\n<meta property=\"og:url\" content=\"https:\/\/www.obradecor.com\/ca\/projectes\/\" \/>\n<meta property=\"og:site_name\" content=\"Obradecor\" \/>\n<meta property=\"article:publisher\" content=\"https:\/\/www.facebook.com\/ObraDecorReformasIntegrales\/\" \/>\n<meta property=\"article:modified_time\" content=\"2017-05-08T11:32:52+00:00\" \/>\n<meta name=\"twitter:card\" content=\"summary_large_image\" \/>\n<meta name=\"twitter:label1\" content=\"Temps estimat de lectura\" \/>\n\t<meta name=\"twitter:data1\" content=\"4 minuts\" \/>\n<script type=\"application\/ld+json\" class=\"yoast-schema-graph\">{\"@context\":\"https:\\\/\\\/schema.org\",\"@graph\":[{\"@type\":\"WebPage\",\"@id\":\"https:\\\/\\\/www.obradecor.com\\\/ca\\\/projectes\\\/\",\"url\":\"https:\\\/\\\/www.obradecor.com\\\/ca\\\/projectes\\\/\",\"name\":\"Reforma integral d'habitatges i interiorisme | Obradecor\",\"isPartOf\":{\"@id\":\"https:\\\/\\\/www.obradecor.com\\\/#website\"},\"datePublished\":\"2017-01-30T09:45:47+00:00\",\"dateModified\":\"2017-05-08T11:32:52+00:00\",\"description\":\"Especialistes en projectes de reformes integrals, decoraci\u00f3 i interiorisme a Barcelona i rodalies. 30 anys al servei del bon gust. Coneix-nos!\",\"breadcrumb\":{\"@id\":\"https:\\\/\\\/www.obradecor.com\\\/ca\\\/projectes\\\/#breadcrumb\"},\"inLanguage\":\"ca\",\"potentialAction\":[{\"@type\":\"ReadAction\",\"target\":[\"https:\\\/\\\/www.obradecor.com\\\/ca\\\/projectes\\\/\"]}]},{\"@type\":\"BreadcrumbList\",\"@id\":\"https:\\\/\\\/www.obradecor.com\\\/ca\\\/projectes\\\/#breadcrumb\",\"itemListElement\":[{\"@type\":\"ListItem\",\"position\":1,\"name\":\"Portada\",\"item\":\"https:\\\/\\\/www.obradecor.com\\\/ca\\\/\"},{\"@type\":\"ListItem\",\"position\":2,\"name\":\"Fotos de projectes\"}]},{\"@type\":\"WebSite\",\"@id\":\"https:\\\/\\\/www.obradecor.com\\\/#website\",\"url\":\"https:\\\/\\\/www.obradecor.com\\\/\",\"name\":\"Obradecor\",\"description\":\"Reforma integral de la vivienda e interiorismo\",\"publisher\":{\"@id\":\"https:\\\/\\\/www.obradecor.com\\\/#organization\"},\"potentialAction\":[{\"@type\":\"SearchAction\",\"target\":{\"@type\":\"EntryPoint\",\"urlTemplate\":\"https:\\\/\\\/www.obradecor.com\\\/?s={search_term_string}\"},\"query-input\":{\"@type\":\"PropertyValueSpecification\",\"valueRequired\":true,\"valueName\":\"search_term_string\"}}],\"inLanguage\":\"ca\"},{\"@type\":\"Organization\",\"@id\":\"https:\\\/\\\/www.obradecor.com\\\/#organization\",\"name\":\"Obradecor\",\"url\":\"https:\\\/\\\/www.obradecor.com\\\/\",\"logo\":{\"@type\":\"ImageObject\",\"inLanguage\":\"ca\",\"@id\":\"https:\\\/\\\/www.obradecor.com\\\/#\\\/schema\\\/logo\\\/image\\\/\",\"url\":\"https:\\\/\\\/www.obradecor.com\\\/wp-content\\\/uploads\\\/2017\\\/02\\\/logo.png\",\"contentUrl\":\"https:\\\/\\\/www.obradecor.com\\\/wp-content\\\/uploads\\\/2017\\\/02\\\/logo.png\",\"width\":177,\"height\":167,\"caption\":\"Obradecor\"},\"image\":{\"@id\":\"https:\\\/\\\/www.obradecor.com\\\/#\\\/schema\\\/logo\\\/image\\\/\"},\"sameAs\":[\"https:\\\/\\\/www.facebook.com\\\/ObraDecorReformasIntegrales\\\/\",\"https:\\\/\\\/www.instagram.com\\\/obradecor\\\/\"]}]}<\/script>\n<!-- \/ Yoast SEO plugin. -->","yoast_head_json":{"title":"Reforma integral d'habitatges i interiorisme | Obradecor","description":"Especialistes en projectes de reformes integrals, decoraci\u00f3 i interiorisme a Barcelona i rodalies. 30 anys al servei del bon gust. Coneix-nos!","robots":{"index":"index","follow":"follow","max-snippet":"max-snippet:-1","max-image-preview":"max-image-preview:large","max-video-preview":"max-video-preview:-1"},"canonical":"https:\/\/www.obradecor.com\/ca\/projectes\/","og_locale":"ca_ES","og_type":"article","og_title":"Reforma integral d'habitatges i interiorisme | Obradecor","og_description":"Especialistes en projectes de reformes integrals, decoraci\u00f3 i interiorisme a Barcelona i rodalies. 30 anys al servei del bon gust. Coneix-nos!","og_url":"https:\/\/www.obradecor.com\/ca\/projectes\/","og_site_name":"Obradecor","article_publisher":"https:\/\/www.facebook.com\/ObraDecorReformasIntegrales\/","article_modified_time":"2017-05-08T11:32:52+00:00","twitter_card":"summary_large_image","twitter_misc":{"Temps estimat de lectura":"4 minuts"},"schema":{"@context":"https:\/\/schema.org","@graph":[{"@type":"WebPage","@id":"https:\/\/www.obradecor.com\/ca\/projectes\/","url":"https:\/\/www.obradecor.com\/ca\/projectes\/","name":"Reforma integral d'habitatges i interiorisme | Obradecor","isPartOf":{"@id":"https:\/\/www.obradecor.com\/#website"},"datePublished":"2017-01-30T09:45:47+00:00","dateModified":"2017-05-08T11:32:52+00:00","description":"Especialistes en projectes de reformes integrals, decoraci\u00f3 i interiorisme a Barcelona i rodalies. 30 anys al servei del bon gust. Coneix-nos!","breadcrumb":{"@id":"https:\/\/www.obradecor.com\/ca\/projectes\/#breadcrumb"},"inLanguage":"ca","potentialAction":[{"@type":"ReadAction","target":["https:\/\/www.obradecor.com\/ca\/projectes\/"]}]},{"@type":"BreadcrumbList","@id":"https:\/\/www.obradecor.com\/ca\/projectes\/#breadcrumb","itemListElement":[{"@type":"ListItem","position":1,"name":"Portada","item":"https:\/\/www.obradecor.com\/ca\/"},{"@type":"ListItem","position":2,"name":"Fotos de projectes"}]},{"@type":"WebSite","@id":"https:\/\/www.obradecor.com\/#website","url":"https:\/\/www.obradecor.com\/","name":"Obradecor","description":"Reforma integral de la vivienda e interiorismo","publisher":{"@id":"https:\/\/www.obradecor.com\/#organization"},"potentialAction":[{"@type":"SearchAction","target":{"@type":"EntryPoint","urlTemplate":"https:\/\/www.obradecor.com\/?s={search_term_string}"},"query-input":{"@type":"PropertyValueSpecification","valueRequired":true,"valueName":"search_term_string"}}],"inLanguage":"ca"},{"@type":"Organization","@id":"https:\/\/www.obradecor.com\/#organization","name":"Obradecor","url":"https:\/\/www.obradecor.com\/","logo":{"@type":"ImageObject","inLanguage":"ca","@id":"https:\/\/www.obradecor.com\/#\/schema\/logo\/image\/","url":"https:\/\/www.obradecor.com\/wp-content\/uploads\/2017\/02\/logo.png","contentUrl":"https:\/\/www.obradecor.com\/wp-content\/uploads\/2017\/02\/logo.png","width":177,"height":167,"caption":"Obradecor"},"image":{"@id":"https:\/\/www.obradecor.com\/#\/schema\/logo\/image\/"},"sameAs":["https:\/\/www.facebook.com\/ObraDecorReformasIntegrales\/","https:\/\/www.instagram.com\/obradecor\/"]}]}},"_links":{"self":[{"href":"https:\/\/www.obradecor.com\/ca\/wp-json\/wp\/v2\/pages\/916","targetHints":{"allow":["GET"]}}],"collection":[{"href":"https:\/\/www.obradecor.com\/ca\/wp-json\/wp\/v2\/pages"}],"about":[{"href":"https:\/\/www.obradecor.com\/ca\/wp-json\/wp\/v2\/types\/page"}],"author":[{"embeddable":true,"href":"https:\/\/www.obradecor.com\/ca\/wp-json\/wp\/v2\/users\/1"}],"replies":[{"embeddable":true,"href":"https:\/\/www.obradecor.com\/ca\/wp-json\/wp\/v2\/comments?post=916"}],"version-history":[{"count":5,"href":"https:\/\/www.obradecor.com\/ca\/wp-json\/wp\/v2\/pages\/916\/revisions"}],"predecessor-version":[{"id":1019,"href":"https:\/\/www.obradecor.com\/ca\/wp-json\/wp\/v2\/pages\/916\/revisions\/1019"}],"wp:attachment":[{"href":"https:\/\/www.obradecor.com\/ca\/wp-json\/wp\/v2\/media?parent=916"}],"curies":[{"name":"wp","href":"https:\/\/api.w.org\/{rel}","templated":true}]}}